{"id":103,"date":"2026-04-27T13:03:30","date_gmt":"2026-04-27T13:03:30","guid":{"rendered":"https:\/\/alexandretasselli.fr\/?page_id=103"},"modified":"2026-05-04T15:58:15","modified_gmt":"2026-05-04T15:58:15","slug":"domptez-vos-angoisses","status":"publish","type":"page","link":"https:\/\/alexandretasselli.fr\/index.php\/domptez-vos-angoisses\/","title":{"rendered":"Domptez vos angoisses"},"content":{"rendered":"\n<div class=\"wp-block-columns is-not-stacked-on-mobile is-layout-flex wp-container-core-columns-is-layout-28f84493 wp-block-columns-is-layout-flex\">\n<div class=\"wp-block-column is-layout-flow wp-block-column-is-layout-flow\" style=\"flex-basis:50%\">\n<figure class=\"wp-block-image has-custom-border is-style-rounded wp-duotone-000000-bd841b14-1\"><img loading=\"lazy\" decoding=\"async\" width=\"1024\" height=\"683\" src=\"http:\/\/alexandretasselli.fr\/wp-content\/uploads\/2026\/04\/10-astuces-pour-calmer-une-crise-d-angoisse-999dbaf7f01b7170-1024x683.jpeg\" alt=\"\" class=\"wp-image-52\" style=\"border-top-left-radius:56px;border-top-right-radius:56px;border-bottom-left-radius:56px;border-bottom-right-radius:56px\" srcset=\"https:\/\/alexandretasselli.fr\/wp-content\/uploads\/2026\/04\/10-astuces-pour-calmer-une-crise-d-angoisse-999dbaf7f01b7170-1024x683.jpeg 1024w, https:\/\/alexandretasselli.fr\/wp-content\/uploads\/2026\/04\/10-astuces-pour-calmer-une-crise-d-angoisse-999dbaf7f01b7170-300x200.jpeg 300w, https:\/\/alexandretasselli.fr\/wp-content\/uploads\/2026\/04\/10-astuces-pour-calmer-une-crise-d-angoisse-999dbaf7f01b7170-768x512.jpeg 768w, https:\/\/alexandretasselli.fr\/wp-content\/uploads\/2026\/04\/10-astuces-pour-calmer-une-crise-d-angoisse-999dbaf7f01b7170-1536x1024.jpeg 1536w, https:\/\/alexandretasselli.fr\/wp-content\/uploads\/2026\/04\/10-astuces-pour-calmer-une-crise-d-angoisse-999dbaf7f01b7170-2048x1365.jpeg 2048w\" sizes=\"auto, (max-width: 1024px) 100vw, 1024px\" \/><\/figure>\n<\/div>\n\n\n\n<div class=\"wp-block-column is-layout-flow wp-block-column-is-layout-flow\" style=\"flex-basis:50%\">\n<p>Comprendre, conscientiser les alertes de votre esprit et de votre corps.<br><br>S\u00e9ance de 45 minutes <br>60\u20ac<\/p>\n\n\n\n<div class=\"wp-block-buttons is-content-justification-center is-layout-flex wp-container-core-buttons-is-layout-a89b3969 wp-block-buttons-is-layout-flex\">\n<div class=\"wp-block-button\"><a class=\"wp-block-button__link has-text-align-center wp-element-button\" href=\"https:\/\/alexandretasselli.fr\/index.php\/contact\/\">R\u00e9server<\/a><\/div>\n<\/div>\n<\/div>\n<\/div>\n\n\n\n<p class=\"has-text-align-center\">Offrez-vous une parenth\u00e8se de 45 minutes pour apaiser votre esprit et reprendre le contr\u00f4le de vos \u00e9motions. Cette s\u00e9ance d\u2019accompagnement est un espace bienveillant o\u00f9 vos angoisses peuvent \u00eatre entendues, comprises et progressivement apprivois\u00e9es.<\/p>\n\n\n\n<p class=\"has-text-align-center\">\u00c0 travers une \u00e9coute profonde et des messages adapt\u00e9s \u00e0 votre chemin de vie, vous serez aid\u00e9(e) \u00e0 mettre du sens sur ce que vous ressentez, \u00e0 rel\u00e2cher les tensions int\u00e9rieures et \u00e0 retrouver un sentiment de calme et de s\u00e9curit\u00e9.<\/p>\n\n\n\n<div class=\"wp-block-buttons is-layout-flex wp-block-buttons-is-layout-flex\"><\/div>\n\n\n\n<p class=\"has-text-align-center\">Parce que vos angoisses ne vous d\u00e9finissent pas, cette s\u00e9ance est une invitation \u00e0 les transformer en une force int\u00e9rieure plus sereine et align\u00e9e.<\/p>\n","protected":false},"excerpt":{"rendered":"<p>Comprendre, conscientiser les alertes de votre esprit et de votre corps. S\u00e9ance de 45 minutes 60\u20ac Offrez-vous une parenth\u00e8se de [&hellip;]<\/p>\n","protected":false},"author":1,"featured_media":0,"parent":0,"menu_order":0,"comment_status":"closed","ping_status":"closed","template":"","meta":{"_monsterinsights_skip_tracking":false,"_monsterinsights_sitenote_active":false,"_monsterinsights_sitenote_note":"","_monsterinsights_sitenote_category":0,"site-sidebar-layout":"default","site-content-layout":"","ast-site-content-layout":"default","site-content-style":"default","site-sidebar-style":"default","ast-global-header-display":"","ast-banner-title-visibility":"","ast-main-header-display":"","ast-hfb-above-header-display":"","ast-hfb-below-header-display":"","ast-hfb-mobile-header-display":"","site-post-title":"disabled","ast-breadcrumbs-content":"","ast-featured-img":"","footer-sml-layout":"","ast-disable-related-posts":"","theme-transparent-header-meta":"","adv-header-id-meta":"","stick-header-meta":"","header-above-stick-meta":"","header-main-stick-meta":"","header-below-stick-meta":"","astra-migrate-meta-layouts":"default","ast-page-background-enabled":"default","ast-page-background-meta":{"desktop":{"background-color":"var(--ast-global-color-5)","background-image":"","background-repeat":"repeat","background-position":"center center","background-size":"auto","background-attachment":"scroll","background-type":"","background-media":"","overlay-type":"","overlay-color":"","overlay-opacity":"","overlay-gradient":""},"tablet":{"background-color":"","background-image":"","background-repeat":"repeat","background-position":"center center","background-size":"auto","background-attachment":"scroll","background-type":"","background-media":"","overlay-type":"","overlay-color":"","overlay-opacity":"","overlay-gradient":""},"mobile":{"background-color":"","background-image":"","background-repeat":"repeat","background-position":"center center","background-size":"auto","background-attachment":"scroll","background-type":"","background-media":"","overlay-type":"","overlay-color":"","overlay-opacity":"","overlay-gradient":""}},"ast-content-background-meta":{"desktop":{"background-color":"var(--ast-global-color-4)","background-image":"","background-repeat":"repeat","background-position":"center center","background-size":"auto","background-attachment":"scroll","background-type":"","background-media":"","overlay-type":"","overlay-color":"","overlay-opacity":"","overlay-gradient":""},"tablet":{"background-color":"var(--ast-global-color-4)","background-image":"","background-repeat":"repeat","background-position":"center center","background-size":"auto","background-attachment":"scroll","background-type":"","background-media":"","overlay-type":"","overlay-color":"","overlay-opacity":"","overlay-gradient":""},"mobile":{"background-color":"var(--ast-global-color-4)","background-image":"","background-repeat":"repeat","background-position":"center center","background-size":"auto","background-attachment":"scroll","background-type":"","background-media":"","overlay-type":"","overlay-color":"","overlay-opacity":"","overlay-gradient":""}},"footnotes":""},"class_list":["post-103","page","type-page","status-publish","hentry"],"_links":{"self":[{"href":"https:\/\/alexandretasselli.fr\/index.php\/wp-json\/wp\/v2\/pages\/103","targetHints":{"allow":["GET"]}}],"collection":[{"href":"https:\/\/alexandretasselli.fr\/index.php\/wp-json\/wp\/v2\/pages"}],"about":[{"href":"https:\/\/alexandretasselli.fr\/index.php\/wp-json\/wp\/v2\/types\/page"}],"author":[{"embeddable":true,"href":"https:\/\/alexandretasselli.fr\/index.php\/wp-json\/wp\/v2\/users\/1"}],"replies":[{"embeddable":true,"href":"https:\/\/alexandretasselli.fr\/index.php\/wp-json\/wp\/v2\/comments?post=103"}],"version-history":[{"count":5,"href":"https:\/\/alexandretasselli.fr\/index.php\/wp-json\/wp\/v2\/pages\/103\/revisions"}],"predecessor-version":[{"id":208,"href":"https:\/\/alexandretasselli.fr\/index.php\/wp-json\/wp\/v2\/pages\/103\/revisions\/208"}],"wp:attachment":[{"href":"https:\/\/alexandretasselli.fr\/index.php\/wp-json\/wp\/v2\/media?parent=103"}],"curies":[{"name":"wp","href":"https:\/\/api.w.org\/{rel}","templated":true}]}}