{"id":15,"date":"2026-04-08T15:24:00","date_gmt":"2026-04-08T15:24:00","guid":{"rendered":"https:\/\/alexandretasselli.fr\/?page_id=15"},"modified":"2026-05-04T16:00:13","modified_gmt":"2026-05-04T16:00:13","slug":"accueil","status":"publish","type":"page","link":"https:\/\/alexandretasselli.fr\/index.php\/accueil\/","title":{"rendered":"Page d&rsquo;accueil"},"content":{"rendered":"\n<p>Bienvenue<br>&nbsp;<br><em>Vous avez le choix : laisser entrer la lumi\u00e8re ou garder les volets ferm\u00e9s.<\/em><\/p>\n\n\n\n<p><strong>Il n&rsquo;y a pas de pire aveugle que celui qui repousse la lumi\u00e8re.<\/strong><\/p>\n\n\n\n<h2 class=\"wp-block-heading\">Alexandre Tasselli Medium<\/h2>\n\n\n\n<p>Guidance \u00e0 distance &#8211; Par t\u00e9l\u00e9phone ou visio<br>&nbsp;<br>Depuis mon enfance je consid\u00e8re que l&rsquo;univers nous aide \u00e0 aller vers l&rsquo;avant gr\u00e2ce \u00e0 l&rsquo;aide des esprits.<br><br>Mes capacit\u00e9s me connecte avec le monde de l&rsquo;invisible et me permet d&rsquo;avoir l&rsquo;opportunit\u00e9 d&rsquo;\u00eatre un interm\u00e9diaire entre mes clients et les deux mondes, celui du visible et puis l&rsquo;invisible.<br>Mes objectifs sont d&rsquo;amener mes clients \u00e0 une prise de conscience, \u00e0 la gu\u00e9rison, gr\u00e2ce \u00e0 l&rsquo;amour, le mariage divinatoire avec la psychologie et \u00e9galement de leur enseigner comment lib\u00e9rer leur propre potentiel spirituel.<\/p>\n\n\n\n<h2 class=\"wp-block-heading\"><strong>Mes services guidance<\/strong><\/h2>\n\n\n\n<div class=\"wp-block-group is-layout-grid wp-container-core-group-is-layout-478b6e6b wp-block-group-is-layout-grid\">\n<div class=\"wp-block-cover is-light has-custom-content-position is-position-bottom-center\"><img loading=\"lazy\" decoding=\"async\" width=\"1024\" height=\"683\" class=\"wp-block-cover__image-background wp-image-52 size-large\" alt=\"\" src=\"http:\/\/alexandretasselli.fr\/wp-content\/uploads\/2026\/04\/10-astuces-pour-calmer-une-crise-d-angoisse-999dbaf7f01b7170-1024x683.jpeg\" data-object-fit=\"cover\" srcset=\"https:\/\/alexandretasselli.fr\/wp-content\/uploads\/2026\/04\/10-astuces-pour-calmer-une-crise-d-angoisse-999dbaf7f01b7170-1024x683.jpeg 1024w, https:\/\/alexandretasselli.fr\/wp-content\/uploads\/2026\/04\/10-astuces-pour-calmer-une-crise-d-angoisse-999dbaf7f01b7170-300x200.jpeg 300w, https:\/\/alexandretasselli.fr\/wp-content\/uploads\/2026\/04\/10-astuces-pour-calmer-une-crise-d-angoisse-999dbaf7f01b7170-768x512.jpeg 768w, https:\/\/alexandretasselli.fr\/wp-content\/uploads\/2026\/04\/10-astuces-pour-calmer-une-crise-d-angoisse-999dbaf7f01b7170-1536x1024.jpeg 1536w, https:\/\/alexandretasselli.fr\/wp-content\/uploads\/2026\/04\/10-astuces-pour-calmer-une-crise-d-angoisse-999dbaf7f01b7170-2048x1365.jpeg 2048w\" sizes=\"auto, (max-width: 1024px) 100vw, 1024px\" \/><span aria-hidden=\"true\" class=\"wp-block-cover__background has-background-dim\" style=\"background-color:#aaa8a9\"><\/span><div class=\"wp-block-cover__inner-container is-layout-constrained wp-block-cover-is-layout-constrained\">\n<p class=\"has-text-align-center has-large-font-size\"><a href=\"https:\/\/alexandretasselli.fr\/index.php\/domptez-vos-angoisses\/\">Dompter vos angoisses<\/a><\/p>\n<\/div><\/div>\n\n\n\n<div class=\"wp-block-cover has-custom-content-position is-position-bottom-center\"><img loading=\"lazy\" decoding=\"async\" width=\"412\" height=\"276\" class=\"wp-block-cover__image-background wp-image-62 size-full\" alt=\"\" src=\"http:\/\/alexandretasselli.fr\/wp-content\/uploads\/2026\/04\/11062b_bc284eaf263b443e9450232b7ee786d8mv2.avif\" data-object-fit=\"cover\"\/><span aria-hidden=\"true\" class=\"wp-block-cover__background has-background-dim\" style=\"background-color:#764e3e\"><\/span><div class=\"wp-block-cover__inner-container is-layout-constrained wp-block-cover-is-layout-constrained\">\n<p class=\"has-text-align-center has-large-font-size\"><a href=\"https:\/\/alexandretasselli.fr\/index.php\/guidance\/\">Guidance 1 h<\/a><\/p>\n<\/div><\/div>\n\n\n\n<div class=\"wp-block-cover has-custom-content-position is-position-bottom-center\"><img loading=\"lazy\" decoding=\"async\" width=\"412\" height=\"276\" class=\"wp-block-cover__image-background wp-image-62 size-full\" alt=\"\" src=\"http:\/\/alexandretasselli.fr\/wp-content\/uploads\/2026\/04\/11062b_bc284eaf263b443e9450232b7ee786d8mv2.avif\" data-object-fit=\"cover\"\/><span aria-hidden=\"true\" class=\"wp-block-cover__background has-background-dim\" style=\"background-color:#764e3e\"><\/span><div class=\"wp-block-cover__inner-container is-layout-constrained wp-block-cover-is-layout-constrained\">\n<p class=\"has-text-align-center has-large-font-size\"><a href=\"https:\/\/alexandretasselli.fr\/index.php\/guidance\/\">Guidance ( une seule question ) 20 min<\/a><\/p>\n<\/div><\/div>\n\n\n\n<div class=\"wp-block-cover has-custom-content-position is-position-bottom-center\"><img loading=\"lazy\" decoding=\"async\" width=\"412\" height=\"276\" class=\"wp-block-cover__image-background wp-image-62 size-full\" alt=\"\" src=\"http:\/\/alexandretasselli.fr\/wp-content\/uploads\/2026\/04\/11062b_bc284eaf263b443e9450232b7ee786d8mv2.avif\" data-object-fit=\"cover\"\/><span aria-hidden=\"true\" class=\"wp-block-cover__background has-background-dim\" style=\"background-color:#764e3e\"><\/span><div class=\"wp-block-cover__inner-container is-layout-constrained wp-block-cover-is-layout-constrained\">\n<p class=\"has-text-align-center has-large-font-size\"><a href=\"https:\/\/alexandretasselli.fr\/index.php\/guidance\/\">Guidance 30 min<\/a><\/p>\n<\/div><\/div>\n\n\n\n<div class=\"wp-block-cover is-light has-custom-content-position is-position-bottom-center\"><img loading=\"lazy\" decoding=\"async\" width=\"600\" height=\"400\" class=\"wp-block-cover__image-background wp-image-61 size-full\" alt=\"\" src=\"http:\/\/alexandretasselli.fr\/wp-content\/uploads\/2026\/04\/vie-anterieure.jpg\" data-object-fit=\"cover\" srcset=\"https:\/\/alexandretasselli.fr\/wp-content\/uploads\/2026\/04\/vie-anterieure.jpg 600w, https:\/\/alexandretasselli.fr\/wp-content\/uploads\/2026\/04\/vie-anterieure-300x200.jpg 300w\" sizes=\"auto, (max-width: 600px) 100vw, 600px\" \/><span aria-hidden=\"true\" class=\"wp-block-cover__background has-background-dim\" style=\"background-color:#b1af85\"><\/span><div class=\"wp-block-cover__inner-container is-layout-constrained wp-block-cover-is-layout-constrained\">\n<p class=\"has-text-align-center has-large-font-size\"><a href=\"https:\/\/alexandretasselli.fr\/index.php\/lecture-de-vie-anterieur\/\">S\u00e9ance 30 min &#8211; Lecture vie ant\u00e9rieure<\/a><\/p>\n<\/div><\/div>\n\n\n\n<div class=\"wp-block-cover is-light has-custom-content-position is-position-bottom-center\"><img loading=\"lazy\" decoding=\"async\" width=\"1024\" height=\"750\" class=\"wp-block-cover__image-background wp-image-59 size-large\" alt=\"\" src=\"http:\/\/alexandretasselli.fr\/wp-content\/uploads\/2026\/04\/stock-photo-double-multiply-exposure-abstract-portrait-of-a-dreamer-cute-young-woman-face-with-galaxy-universe-1502881307-1024x750.jpg\" data-object-fit=\"cover\" srcset=\"https:\/\/alexandretasselli.fr\/wp-content\/uploads\/2026\/04\/stock-photo-double-multiply-exposure-abstract-portrait-of-a-dreamer-cute-young-woman-face-with-galaxy-universe-1502881307-1024x750.jpg 1024w, https:\/\/alexandretasselli.fr\/wp-content\/uploads\/2026\/04\/stock-photo-double-multiply-exposure-abstract-portrait-of-a-dreamer-cute-young-woman-face-with-galaxy-universe-1502881307-300x220.jpg 300w, https:\/\/alexandretasselli.fr\/wp-content\/uploads\/2026\/04\/stock-photo-double-multiply-exposure-abstract-portrait-of-a-dreamer-cute-young-woman-face-with-galaxy-universe-1502881307-768x562.jpg 768w, https:\/\/alexandretasselli.fr\/wp-content\/uploads\/2026\/04\/stock-photo-double-multiply-exposure-abstract-portrait-of-a-dreamer-cute-young-woman-face-with-galaxy-universe-1502881307.jpg 1500w\" sizes=\"auto, (max-width: 1024px) 100vw, 1024px\" \/><span aria-hidden=\"true\" class=\"wp-block-cover__background has-background-dim\" style=\"background-color:#ae96a9\"><\/span><div class=\"wp-block-cover__inner-container is-layout-constrained wp-block-cover-is-layout-constrained\">\n<p class=\"has-text-align-center has-large-font-size\"><a href=\"https:\/\/alexandretasselli.fr\/index.php\/lecture-dame\/\">S\u00e9ance 20min &#8211; Lecture d&rsquo;\u00e2me<\/a><\/p>\n<\/div><\/div>\n<\/div>\n\n\n\n<h2 class=\"wp-block-heading\">Livre d&rsquo;or<\/h2>\n\n\n\n<figure class=\"wp-block-pullquote\" style=\"min-height:0px;margin-top:-200px;margin-bottom:-200px\"><blockquote><p>Alexandre poss\u00e8de un don de naissance, il capte les ressentis, intuitif, il vous guide sur votre en chemin en douceur. Tr\u00e8s belle s\u00e9ance ou il a \u00e9t\u00e9 tr\u00e8s disponible. Un \u00e9change vrai en confiance. Je recommande plus plus.<\/p><cite><strong><a href=\"https:\/\/www.google.com\/maps\/contrib\/102021741838030412650\/reviews?hl=fr\" target=\"_blank\" rel=\"noreferrer noopener\">Isabelle ALLAVENA<\/a><\/strong><\/cite><\/blockquote><\/figure>\n\n\n\n<figure class=\"wp-block-pullquote\" style=\"margin-top:-300px;margin-bottom:-300px\"><blockquote><p>J\u2019ai rencontr\u00e9 Alexandre lors d\u2019une soir\u00e9e une belle personne tr\u00e8s sensible et tr\u00e8s connect\u00e9 avec de tr\u00e8s belles convictions spirituelles il a su me guider dans un \u00e9v\u00e9nement de ma vie et gr\u00e2ce \u00e0 lui j\u2019ai pu prendre la bonne d\u00e9cision son ressenti \u00e9tait bon sa vision aussi je le recommande vivement car son don est de naissance il respecte ce qu\u2019il a re\u00e7u ..\ud83d\ude4f.il est \u00e0 l\u2019\u00e9coute bref une Belle \u00e2me. Merci \ud83d\ude07<\/p><cite><strong><a href=\"https:\/\/www.google.com\/maps\/contrib\/106913830747296121031\/reviews?hl=fr\" target=\"_blank\" rel=\"noreferrer noopener\">Angelo Tricoli<\/a><\/strong><\/cite><\/blockquote><\/figure>\n\n\n\n<figure class=\"wp-block-pullquote\" style=\"margin-top:-200px;margin-bottom:-200px\"><blockquote><p><strong>Une lecture incroyablement pr\u00e9cise par quelqu\u2019un de tr\u00e8s empathique et g\u00e9n\u00e9reux<\/strong><\/p><cite><strong><a href=\"https:\/\/www.google.com\/maps\/contrib\/114824936751934379711\/reviews?hl=fr\" target=\"_blank\" rel=\"noreferrer noopener\">L REDFERN<\/a><\/strong><\/cite><\/blockquote><\/figure>\n\n\n\n<figure class=\"wp-block-pullquote\" style=\"margin-top:-200px;margin-bottom:-200px\"><blockquote><p><strong>Alexandre est une personne tr\u00e8s sensible qui vous aidera \u00e0 trouver votre chemin, qui poss\u00e8de des sensations que d&rsquo;autres non pas! Vous pouvez lui faire confiance et il saura vous guider!<\/strong><\/p><cite>Leslie<\/cite><\/blockquote><\/figure>\n\n\n\n<figure class=\"wp-block-pullquote\" style=\"margin-top:-100px;margin-bottom:-100px\"><blockquote><p><strong>Un grand merci<br>\u00c0 Alexandre de m avoir \u00e9clair\u00e9 dans ce tirage se carte o\u00f9 tout s est illumin\u00e9 pour moi car ma<br>Situation \u00b4 n \u00e9tais pas tr\u00e8s clair maintenant tout est clair pour moi merci et \u00e0 tr\u00e8s vite \ud83d\ude4f<\/strong><\/p><cite><a href=\"https:\/\/www.google.com\/maps\/contrib\/102031269775486690853\/reviews?hl=fr\" target=\"_blank\" rel=\"noreferrer noopener\">Heloise Mimouni<\/a><\/cite><\/blockquote><\/figure>\n\n\n\n<figure class=\"wp-block-pullquote\" style=\"margin-top:-200px;margin-bottom:-200px\"><blockquote><p>Merci pour tout Alexandre \ud83d\ude4f\ud83d\ude4c<\/p><cite><strong><a href=\"https:\/\/www.google.com\/maps\/contrib\/117152410803134743522\/reviews?hl=fr\" target=\"_blank\" rel=\"noreferrer noopener\">Jennyfer Diana<\/a><\/strong><\/cite><\/blockquote><\/figure>\n","protected":false},"excerpt":{"rendered":"<p>Bienvenue&nbsp;Vous avez le choix : laisser entrer la lumi\u00e8re ou garder les volets ferm\u00e9s. Il n&rsquo;y a pas de pire [&hellip;]<\/p>\n","protected":false},"author":1,"featured_media":0,"parent":0,"menu_order":0,"comment_status":"closed","ping_status":"closed","template":"","meta":{"_monsterinsights_skip_tracking":false,"_monsterinsights_sitenote_active":false,"_monsterinsights_sitenote_note":"","_monsterinsights_sitenote_category":0,"site-sidebar-layout":"default","site-content-layout":"","ast-site-content-layout":"default","site-content-style":"default","site-sidebar-style":"default","ast-global-header-display":"","ast-banner-title-visibility":"","ast-main-header-display":"","ast-hfb-above-header-display":"","ast-hfb-below-header-display":"","ast-hfb-mobile-header-display":"","site-post-title":"disabled","ast-breadcrumbs-content":"","ast-featured-img":"","footer-sml-layout":"disabled","ast-disable-related-posts":"","theme-transparent-header-meta":"disabled","adv-header-id-meta":"","stick-header-meta":"","header-above-stick-meta":"","header-main-stick-meta":"","header-below-stick-meta":"","astra-migrate-meta-layouts":"default","ast-page-background-enabled":"default","ast-page-background-meta":{"desktop":{"background-color":"var(--ast-global-color-5)","background-image":"","background-repeat":"repeat","background-position":"center center","background-size":"auto","background-attachment":"scroll","background-type":"","background-media":"","overlay-type":"","overlay-color":"","overlay-opacity":"","overlay-gradient":""},"tablet":{"background-color":"","background-image":"","background-repeat":"repeat","background-position":"center center","background-size":"auto","background-attachment":"scroll","background-type":"","background-media":"","overlay-type":"","overlay-color":"","overlay-opacity":"","overlay-gradient":""},"mobile":{"background-color":"","background-image":"","background-repeat":"repeat","background-position":"center center","background-size":"auto","background-attachment":"scroll","background-type":"","background-media":"","overlay-type":"","overlay-color":"","overlay-opacity":"","overlay-gradient":""}},"ast-content-background-meta":{"desktop":{"background-color":"var(--ast-global-color-4)","background-image":"","background-repeat":"repeat","background-position":"center center","background-size":"auto","background-attachment":"scroll","background-type":"","background-media":"","overlay-type":"","overlay-color":"","overlay-opacity":"","overlay-gradient":""},"tablet":{"background-color":"var(--ast-global-color-4)","background-image":"","background-repeat":"repeat","background-position":"center center","background-size":"auto","background-attachment":"scroll","background-type":"","background-media":"","overlay-type":"","overlay-color":"","overlay-opacity":"","overlay-gradient":""},"mobile":{"background-color":"var(--ast-global-color-4)","background-image":"","background-repeat":"repeat","background-position":"center center","background-size":"auto","background-attachment":"scroll","background-type":"","background-media":"","overlay-type":"","overlay-color":"","overlay-opacity":"","overlay-gradient":""}},"footnotes":""},"class_list":["post-15","page","type-page","status-publish","hentry"],"_links":{"self":[{"href":"https:\/\/alexandretasselli.fr\/index.php\/wp-json\/wp\/v2\/pages\/15","targetHints":{"allow":["GET"]}}],"collection":[{"href":"https:\/\/alexandretasselli.fr\/index.php\/wp-json\/wp\/v2\/pages"}],"about":[{"href":"https:\/\/alexandretasselli.fr\/index.php\/wp-json\/wp\/v2\/types\/page"}],"author":[{"embeddable":true,"href":"https:\/\/alexandretasselli.fr\/index.php\/wp-json\/wp\/v2\/users\/1"}],"replies":[{"embeddable":true,"href":"https:\/\/alexandretasselli.fr\/index.php\/wp-json\/wp\/v2\/comments?post=15"}],"version-history":[{"count":30,"href":"https:\/\/alexandretasselli.fr\/index.php\/wp-json\/wp\/v2\/pages\/15\/revisions"}],"predecessor-version":[{"id":211,"href":"https:\/\/alexandretasselli.fr\/index.php\/wp-json\/wp\/v2\/pages\/15\/revisions\/211"}],"wp:attachment":[{"href":"https:\/\/alexandretasselli.fr\/index.php\/wp-json\/wp\/v2\/media?parent=15"}],"curies":[{"name":"wp","href":"https:\/\/api.w.org\/{rel}","templated":true}]}}