{"id":93,"date":"2026-04-27T12:59:11","date_gmt":"2026-04-27T12:59:11","guid":{"rendered":"https:\/\/alexandretasselli.fr\/?page_id=93"},"modified":"2026-05-04T14:51:26","modified_gmt":"2026-05-04T14:51:26","slug":"a-propos-de-moi","status":"publish","type":"page","link":"https:\/\/alexandretasselli.fr\/index.php\/a-propos-de-moi\/","title":{"rendered":"\u00c0 propos de moi"},"content":{"rendered":"\n<div class=\"wp-block-group alignfull is-content-justification-center is-layout-constrained wp-block-group-is-layout-constrained\" style=\"margin-top:0;margin-bottom:0\">\n<div style=\"height:var(--wp--preset--spacing--20)\" aria-hidden=\"true\" class=\"wp-block-spacer\"><\/div>\n\n\n\n<div class=\"wp-block-group alignwide is-layout-flow wp-block-group-is-layout-flow\">\n<div class=\"wp-block-columns alignwide are-vertically-aligned-top is-layout-flex wp-container-core-columns-is-layout-5c8fb865 wp-block-columns-is-layout-flex\">\n<div class=\"wp-block-column is-vertically-aligned-top is-content-justification-left is-layout-constrained wp-container-core-column-is-layout-95996b15 wp-block-column-is-layout-constrained\">\n<figure class=\"wp-block-image aligncenter size-full has-custom-border is-style-rounded wp-duotone-000000-c4621b69-1\"><img loading=\"lazy\" decoding=\"async\" width=\"1067\" height=\"1197\" src=\"https:\/\/alexandretasselli.fr\/wp-content\/uploads\/2026\/04\/20180405.jpg\" alt=\"\" class=\"wp-image-55\" style=\"border-style:none;border-width:0px;border-top-left-radius:88px;border-top-right-radius:88px;border-bottom-left-radius:88px;border-bottom-right-radius:88px\" srcset=\"https:\/\/alexandretasselli.fr\/wp-content\/uploads\/2026\/04\/20180405.jpg 1067w, https:\/\/alexandretasselli.fr\/wp-content\/uploads\/2026\/04\/20180405-267x300.jpg 267w, https:\/\/alexandretasselli.fr\/wp-content\/uploads\/2026\/04\/20180405-913x1024.jpg 913w, https:\/\/alexandretasselli.fr\/wp-content\/uploads\/2026\/04\/20180405-768x862.jpg 768w\" sizes=\"auto, (max-width: 1067px) 100vw, 1067px\" \/><\/figure>\n<\/div>\n\n\n\n<div class=\"wp-block-column is-vertically-aligned-top is-layout-flow wp-block-column-is-layout-flow\" style=\"flex-basis:40%\">\n<p>Je suis m\u00e9dium sensitif depuis mon plus jeune \u00e2ge . D\u00e8s l&rsquo;\u00e2ge de 5 ans et bien au-del\u00e0 de mon adolescence , j&rsquo;ai ce que l&rsquo;on appelle dans le jargon mystique sombr\u00e9 dans la travers\u00e9e de<strong> la Nuit Noire de l&rsquo;\u00e2me <\/strong>.<\/p>\n\n\n\n<p>Comme disait un grand homme \u00ab\u00a0<strong> L\u2019obscurit\u00e9 ne chasse pas l\u2019obscurit\u00e9, seule la lumi\u00e8re peut le faire \u00a0\u00bb <\/strong>. (Martin Luther King)<\/p>\n\n\n\n<p><strong>En 1999 <\/strong>, un soir d&rsquo;octobre , je <strong>d\u00e9cide d&rsquo;en finir avec ma vie <\/strong>terrestre . Il est 20h00 . Coup de th\u00e9\u00e2tre , le temps se fige, je passe de l&rsquo;autre cot\u00e9&nbsp; , celui de l&rsquo;invisible . Et comme on dit ce n&rsquo;\u00e9tait pas du tout mon heure . Mais pas du tout du tout &#8230;<\/p>\n\n\n\n<p>\u200b<\/p>\n\n\n\n<p>Puis la rage , la col\u00e8re , la tristesse , \u00e0 nouveau pr\u00e9sent , j&rsquo;ai cri\u00e9 , pourquoi suis-je encore l\u00e0 ?<\/p>\n\n\n\n<p>\u200b<\/p>\n\n\n\n<p>Puis vint la compr\u00e9hension de pourquoi je suis ici sur cette Terre . <strong>Ma mission est d&rsquo;accompagner les \u00e2mes bless\u00e9es .<\/strong><\/p>\n\n\n\n<p>En 2020 , je pratique<br>professionnellement depuis plus de 4 ans afin d&rsquo;\u00eatre au plus pr\u00e8s de ces \u00e2mes .<\/p>\n\n\n\n<div class=\"wp-block-buttons is-layout-flex wp-block-buttons-is-layout-flex\"><\/div>\n<\/div>\n<\/div>\n\n\n\n<div style=\"height:var(--wp--preset--spacing--20)\" aria-hidden=\"true\" class=\"wp-block-spacer\"><\/div>\n<\/div>\n\n\n\n<div style=\"height:var(--wp--preset--spacing--20)\" aria-hidden=\"true\" class=\"wp-block-spacer\"><\/div>\n<\/div>\n","protected":false},"excerpt":{"rendered":"<p>Je suis m\u00e9dium sensitif depuis mon plus jeune \u00e2ge . D\u00e8s l&rsquo;\u00e2ge de 5 ans et bien au-del\u00e0 de mon [&hellip;]<\/p>\n","protected":false},"author":1,"featured_media":0,"parent":0,"menu_order":0,"comment_status":"closed","ping_status":"closed","template":"","meta":{"_monsterinsights_skip_tracking":false,"_monsterinsights_sitenote_active":false,"_monsterinsights_sitenote_note":"","_monsterinsights_sitenote_category":0,"site-sidebar-layout":"default","site-content-layout":"","ast-site-content-layout":"default","site-content-style":"default","site-sidebar-style":"default","ast-global-header-display":"","ast-banner-title-visibility":"","ast-main-header-display":"","ast-hfb-above-header-display":"","ast-hfb-below-header-display":"","ast-hfb-mobile-header-display":"","site-post-title":"disabled","ast-breadcrumbs-content":"","ast-featured-img":"","footer-sml-layout":"","ast-disable-related-posts":"","theme-transparent-header-meta":"","adv-header-id-meta":"","stick-header-meta":"","header-above-stick-meta":"","header-main-stick-meta":"","header-below-stick-meta":"","astra-migrate-meta-layouts":"default","ast-page-background-enabled":"default","ast-page-background-meta":{"desktop":{"background-color":"var(--ast-global-color-5)","background-image":"","background-repeat":"repeat","background-position":"center center","background-size":"auto","background-attachment":"scroll","background-type":"","background-media":"","overlay-type":"","overlay-color":"","overlay-opacity":"","overlay-gradient":""},"tablet":{"background-color":"","background-image":"","background-repeat":"repeat","background-position":"center center","background-size":"auto","background-attachment":"scroll","background-type":"","background-media":"","overlay-type":"","overlay-color":"","overlay-opacity":"","overlay-gradient":""},"mobile":{"background-color":"","background-image":"","background-repeat":"repeat","background-position":"center center","background-size":"auto","background-attachment":"scroll","background-type":"","background-media":"","overlay-type":"","overlay-color":"","overlay-opacity":"","overlay-gradient":""}},"ast-content-background-meta":{"desktop":{"background-color":"var(--ast-global-color-4)","background-image":"","background-repeat":"repeat","background-position":"center center","background-size":"auto","background-attachment":"scroll","background-type":"","background-media":"","overlay-type":"","overlay-color":"","overlay-opacity":"","overlay-gradient":""},"tablet":{"background-color":"var(--ast-global-color-4)","background-image":"","background-repeat":"repeat","background-position":"center center","background-size":"auto","background-attachment":"scroll","background-type":"","background-media":"","overlay-type":"","overlay-color":"","overlay-opacity":"","overlay-gradient":""},"mobile":{"background-color":"var(--ast-global-color-4)","background-image":"","background-repeat":"repeat","background-position":"center center","background-size":"auto","background-attachment":"scroll","background-type":"","background-media":"","overlay-type":"","overlay-color":"","overlay-opacity":"","overlay-gradient":""}},"footnotes":""},"class_list":["post-93","page","type-page","status-publish","hentry"],"_links":{"self":[{"href":"https:\/\/alexandretasselli.fr\/index.php\/wp-json\/wp\/v2\/pages\/93","targetHints":{"allow":["GET"]}}],"collection":[{"href":"https:\/\/alexandretasselli.fr\/index.php\/wp-json\/wp\/v2\/pages"}],"about":[{"href":"https:\/\/alexandretasselli.fr\/index.php\/wp-json\/wp\/v2\/types\/page"}],"author":[{"embeddable":true,"href":"https:\/\/alexandretasselli.fr\/index.php\/wp-json\/wp\/v2\/users\/1"}],"replies":[{"embeddable":true,"href":"https:\/\/alexandretasselli.fr\/index.php\/wp-json\/wp\/v2\/comments?post=93"}],"version-history":[{"count":6,"href":"https:\/\/alexandretasselli.fr\/index.php\/wp-json\/wp\/v2\/pages\/93\/revisions"}],"predecessor-version":[{"id":112,"href":"https:\/\/alexandretasselli.fr\/index.php\/wp-json\/wp\/v2\/pages\/93\/revisions\/112"}],"wp:attachment":[{"href":"https:\/\/alexandretasselli.fr\/index.php\/wp-json\/wp\/v2\/media?parent=93"}],"curies":[{"name":"wp","href":"https:\/\/api.w.org\/{rel}","templated":true}]}}