{"id":99,"date":"2026-04-27T13:02:29","date_gmt":"2026-04-27T13:02:29","guid":{"rendered":"https:\/\/alexandretasselli.fr\/?page_id=99"},"modified":"2026-05-04T15:59:07","modified_gmt":"2026-05-04T15:59:07","slug":"lecture-de-vie-anterieur","status":"publish","type":"page","link":"https:\/\/alexandretasselli.fr\/index.php\/lecture-de-vie-anterieur\/","title":{"rendered":"Lecture de vie ant\u00e9rieur"},"content":{"rendered":"\n<div class=\"wp-block-columns is-layout-flex wp-container-core-columns-is-layout-28f84493 wp-block-columns-is-layout-flex\">\n<div class=\"wp-block-column is-layout-flow wp-block-column-is-layout-flow\">\n<figure class=\"wp-block-image size-full has-custom-border is-style-rounded wp-duotone-00000069-rgba255255255049-1\"><img loading=\"lazy\" decoding=\"async\" width=\"600\" height=\"400\" src=\"http:\/\/alexandretasselli.fr\/wp-content\/uploads\/2026\/04\/vie-anterieure.jpg\" alt=\"\" class=\"wp-image-61\" style=\"border-top-left-radius:78px;border-top-right-radius:78px;border-bottom-left-radius:78px;border-bottom-right-radius:78px;aspect-ratio:3\/4;object-fit:cover\" srcset=\"https:\/\/alexandretasselli.fr\/wp-content\/uploads\/2026\/04\/vie-anterieure.jpg 600w, https:\/\/alexandretasselli.fr\/wp-content\/uploads\/2026\/04\/vie-anterieure-300x200.jpg 300w\" sizes=\"auto, (max-width: 600px) 100vw, 600px\" \/><\/figure>\n<\/div>\n\n\n\n<div class=\"wp-block-column is-layout-flow wp-block-column-is-layout-flow\">\n<p>Plongez au c\u0153ur de votre histoire profonde avec une s\u00e9ance de lecture de vie ant\u00e9rieure.<br>\u00c0 travers un accompagnement intuitif et bienveillant, cette exp\u00e9rience vous invite \u00e0 explorer les m\u00e9moires de votre \u00e2me, \u00e0 mettre en lumi\u00e8re certains blocages, sch\u00e9mas r\u00e9p\u00e9titifs ou liens inexpliqu\u00e9s qui peuvent encore influencer votre vie actuelle.<\/p>\n\n\n\n<p>Chaque s\u00e9ance est un voyage unique, guid\u00e9 avec douceur, pour vous aider \u00e0 mieux comprendre votre chemin, r\u00e9v\u00e9ler des ressources int\u00e9rieures oubli\u00e9es et avancer avec plus de clart\u00e9 et de s\u00e9r\u00e9nit\u00e9.<br><br>S\u00e9ance de 30 minutes          20\u20ac<\/p>\n\n\n\n<div class=\"wp-block-buttons is-content-justification-center is-layout-flex wp-container-core-buttons-is-layout-a89b3969 wp-block-buttons-is-layout-flex\">\n<div class=\"wp-block-button\"><a class=\"wp-block-button__link wp-element-button\" href=\"https:\/\/alexandretasselli.fr\/index.php\/contact\/\">R\u00e9server<\/a><\/div>\n<\/div>\n<\/div>\n<\/div>\n","protected":false},"excerpt":{"rendered":"<p>Plongez au c\u0153ur de votre histoire profonde avec une s\u00e9ance de lecture de vie ant\u00e9rieure.\u00c0 travers un accompagnement intuitif et [&hellip;]<\/p>\n","protected":false},"author":1,"featured_media":0,"parent":0,"menu_order":0,"comment_status":"closed","ping_status":"closed","template":"","meta":{"_monsterinsights_skip_tracking":false,"_monsterinsights_sitenote_active":false,"_monsterinsights_sitenote_note":"","_monsterinsights_sitenote_category":0,"site-sidebar-layout":"default","site-content-layout":"","ast-site-content-layout":"default","site-content-style":"default","site-sidebar-style":"default","ast-global-header-display":"","ast-banner-title-visibility":"","ast-main-header-display":"","ast-hfb-above-header-display":"","ast-hfb-below-header-display":"","ast-hfb-mobile-header-display":"","site-post-title":"disabled","ast-breadcrumbs-content":"","ast-featured-img":"","footer-sml-layout":"","ast-disable-related-posts":"","theme-transparent-header-meta":"","adv-header-id-meta":"","stick-header-meta":"","header-above-stick-meta":"","header-main-stick-meta":"","header-below-stick-meta":"","astra-migrate-meta-layouts":"default","ast-page-background-enabled":"default","ast-page-background-meta":{"desktop":{"background-color":"var(--ast-global-color-5)","background-image":"","background-repeat":"repeat","background-position":"center center","background-size":"auto","background-attachment":"scroll","background-type":"","background-media":"","overlay-type":"","overlay-color":"","overlay-opacity":"","overlay-gradient":""},"tablet":{"background-color":"","background-image":"","background-repeat":"repeat","background-position":"center center","background-size":"auto","background-attachment":"scroll","background-type":"","background-media":"","overlay-type":"","overlay-color":"","overlay-opacity":"","overlay-gradient":""},"mobile":{"background-color":"","background-image":"","background-repeat":"repeat","background-position":"center center","background-size":"auto","background-attachment":"scroll","background-type":"","background-media":"","overlay-type":"","overlay-color":"","overlay-opacity":"","overlay-gradient":""}},"ast-content-background-meta":{"desktop":{"background-color":"var(--ast-global-color-4)","background-image":"","background-repeat":"repeat","background-position":"center center","background-size":"auto","background-attachment":"scroll","background-type":"","background-media":"","overlay-type":"","overlay-color":"","overlay-opacity":"","overlay-gradient":""},"tablet":{"background-color":"var(--ast-global-color-4)","background-image":"","background-repeat":"repeat","background-position":"center center","background-size":"auto","background-attachment":"scroll","background-type":"","background-media":"","overlay-type":"","overlay-color":"","overlay-opacity":"","overlay-gradient":""},"mobile":{"background-color":"var(--ast-global-color-4)","background-image":"","background-repeat":"repeat","background-position":"center center","background-size":"auto","background-attachment":"scroll","background-type":"","background-media":"","overlay-type":"","overlay-color":"","overlay-opacity":"","overlay-gradient":""}},"footnotes":""},"class_list":["post-99","page","type-page","status-publish","hentry"],"_links":{"self":[{"href":"https:\/\/alexandretasselli.fr\/index.php\/wp-json\/wp\/v2\/pages\/99","targetHints":{"allow":["GET"]}}],"collection":[{"href":"https:\/\/alexandretasselli.fr\/index.php\/wp-json\/wp\/v2\/pages"}],"about":[{"href":"https:\/\/alexandretasselli.fr\/index.php\/wp-json\/wp\/v2\/types\/page"}],"author":[{"embeddable":true,"href":"https:\/\/alexandretasselli.fr\/index.php\/wp-json\/wp\/v2\/users\/1"}],"replies":[{"embeddable":true,"href":"https:\/\/alexandretasselli.fr\/index.php\/wp-json\/wp\/v2\/comments?post=99"}],"version-history":[{"count":6,"href":"https:\/\/alexandretasselli.fr\/index.php\/wp-json\/wp\/v2\/pages\/99\/revisions"}],"predecessor-version":[{"id":210,"href":"https:\/\/alexandretasselli.fr\/index.php\/wp-json\/wp\/v2\/pages\/99\/revisions\/210"}],"wp:attachment":[{"href":"https:\/\/alexandretasselli.fr\/index.php\/wp-json\/wp\/v2\/media?parent=99"}],"curies":[{"name":"wp","href":"https:\/\/api.w.org\/{rel}","templated":true}]}}